{"id":26660,"date":"2024-06-13T15:48:50","date_gmt":"2024-06-13T13:48:50","guid":{"rendered":"https:\/\/www.dominienergia.com\/politica-de-privacidad\/"},"modified":"2024-07-22T16:44:28","modified_gmt":"2024-07-22T14:44:28","slug":"politica-de-privacidad","status":"publish","type":"page","link":"https:\/\/dominienergia.com\/es\/politica-de-privacidad\/","title":{"rendered":"Pol\u00edtica de Privacidad"},"content":{"rendered":"\t\t<div data-elementor-type=\"wp-page\" data-elementor-id=\"26660\" class=\"elementor elementor-26660 elementor-25527\" data-elementor-post-type=\"page\">\n\t\t\t\t\t\t<section class=\"elementor-section elementor-top-section elementor-element elementor-element-c96d392 elementor-section-full_width elementor-section-stretched elementor-section-height-default elementor-section-height-default\" data-id=\"c96d392\" data-element_type=\"section\" data-e-type=\"section\" data-settings=\"{&quot;stretch_section&quot;:&quot;section-stretched&quot;,&quot;background_background&quot;:&quot;slideshow&quot;,&quot;background_slideshow_gallery&quot;:[],&quot;background_slideshow_loop&quot;:&quot;yes&quot;,&quot;background_slideshow_slide_duration&quot;:5000,&quot;background_slideshow_slide_transition&quot;:&quot;fade&quot;,&quot;background_slideshow_transition_duration&quot;:500}\">\r\n\t\t\t\t\t\t<div class=\"elementor-container elementor-column-gap-no\"><div class=\"elementor-row\">\r\n\t\t\t\t\t<div class=\"elementor-column elementor-col-100 elementor-top-column elementor-element elementor-element-f6a530f\" data-id=\"f6a530f\" data-element_type=\"column\" data-e-type=\"column\">\n\t\t\t<div class=\"elementor-widget-wrap\">\n\t\t\t\t\t\t\t<\/div>\n\t\t<\/div>\n\t\t\t\t\t<\/div><\/div>\r\n\t\t<\/section>\r\n\t\t<div class=\"elementor-element elementor-element-8125ec9 thegem-e-con-layout-thegem e-flex e-con-boxed e-con e-parent\" data-id=\"8125ec9\" data-element_type=\"container\" data-e-type=\"container\" data-settings=\"{&quot;thegem_container_layout&quot;:&quot;thegem&quot;}\">\r\n\t\t\t\t\t<div class=\"e-con-inner\">\r\n\t\t\t\t<div class=\"elementor-element elementor-element-42d4db3 flex-horizontal-align-default flex-horizontal-align-tablet-default flex-horizontal-align-mobile-default flex-vertical-align-default flex-vertical-align-tablet-default flex-vertical-align-mobile-default elementor-widget elementor-widget-text-editor\" data-id=\"42d4db3\" data-element_type=\"widget\" data-e-type=\"widget\" data-widget_type=\"text-editor.default\">\n\t\t\t\t<div class=\"elementor-widget-container\">\n\t\t\t\t\t\t\t\t\t\t\t\t<div class=\"elementor-text-editor elementor-clearfix\">\r\n\t\t\t\t\t\t<h2>POL\u00cdTICA DE PRIVACIDAD<\/h2>\n<h2><strong style=\"font-size: 28px; letter-spacing: 0.05em; text-align: var(--text-align);\">INTRODUCCI\u00d3N<\/strong><\/h2>\n<p>La web de DOMINI AMBIENTAL, SL utiliza cookies propias y de terceros. Una cookie es un archivo que se descarga en su ordenador al acceder a determinadas p\u00e1ginas web. Las cookies permiten a una p\u00e1gina web, entre otras cosas, almacenar y recuperar informaci\u00f3n sobre los h\u00e1bitos de navegaci\u00f3n de un usuario o de su equipo y, dependiendo de la informaci\u00f3n que contengan y de la forma en que utilice su equipo, se pueden utilizar para reconocer al usuario. Las cookies se asocian \u00fanicamente a un usuario an\u00f3nimo y su ordenador o dispositivo y no proporcionan referencias que permitan conocer sus datos personales.   <\/p>\n<p>El usuario puede, en todo momento, aceptar o rechazar las cookies instaladas que no sean estrictamente necesarias para el correcto funcionamiento de la web y el acceso al Usuario a sus servicios, a trav\u00e9s del panel de ajuste de cookies proporcionado a trav\u00e9s de nuestra web. Asimismo, podr\u00e1 configurar su navegador en todo momento sin que ello perjudique a la posibilidad del Usuario de acceder a los contenidos. Sin embargo, le informamos que el hecho de rechazar las cookies puede disminuir el buen funcionamiento de la web.  <\/p>\n<p><strong> <\/strong><\/p>\n<h3><strong>RESPONSABLE DEL TRATAMIENTO<\/strong><\/h3>\n<p>Identidad: <strong>DOMINI AMBIENTAL, SL<\/strong> (tambi\u00e9n el prestamista)<\/p>\n<p>NIF: <strong>B63078992<\/strong><\/p>\n<p>Direcci\u00f3n postal:<strong> Polo. Ind. Santa Ana I, BV-4511 km.4,2, 08251, Santpedor, Barcelona  <\/strong><\/p>\n<p>Correo electr\u00f3nico:<strong> <\/strong><strong>info@dominiambiental.com<\/strong><\/p>\n<p><strong> <\/strong><\/p>\n<p><strong>DOMINI AMBIENTAL, SL, <\/strong>como responsable del sitio web, de conformidad con lo dispuesto en el Reglamento (UE) 2016\/679 de 27 de abril de 2016 (RGPD) relativo a la protecci\u00f3n de las personas f\u00edsicas en lo que se refiere al tratamiento de datos personales ya la libre circulaci\u00f3n de estos datos y dem\u00e1s normativa vigente en materia de protecci\u00f3n de datos personales, y por la Ley 34\/2002, de 11 de julio, de Servicios de la Sociedad de la Informaci\u00f3n y del Comercio Electr\u00f3nico (LSSICE), le informa que tiene implementadas las medidas de seguridad necesarias, de \u00edndole t\u00e9cnica y organizativas, para garantizar y proteger la confidencialidad, integridad y disponibilidad de los datos introducidos.<\/p>\n<h3>M\u00c9TODO DE OBTENCI\u00d3N DE LOS DATOS y DATOS QUE RECAUDAMOS:<\/h3>\n<p>Los datos que recogemos y la forma en que los obtenemos es el siguiente:<\/p>\n<ol>\n<li>mediante el formulario de contacto: nombre, email, edad, tel\u00e9fono<\/li>\n<li>mediante el formulario de suscripci\u00f3n a la newsletter: nombre, email<\/li>\n<\/ol>\n<p>No se tratan categor\u00edas de datos especialmente protegidas.<\/p>\n<h3>FINALIDAD DEL TRATAMIENTO<\/h3>\n<p>El prestamista se exime de cualquier tipo de responsabilidad derivada de la informaci\u00f3n publicada en nuestro sitio web, siempre que esta informaci\u00f3n haya sido manipulada o introducida por un tercero ajeno.<\/p>\n<p>Esta web ha sido revisada y probada para que funcione correctamente. En principio, puede garantizarse el correcto funcionamiento los 365 d\u00edas del a\u00f1o, 24 horas al d\u00eda. No obstante, el prestamista no descarta la posibilidad de que existan determinados errores de programaci\u00f3n, o que sucedan causas de fuerza mayor, cat\u00e1strofes naturales, huelgas, o circunstancias similares que hagan imposible el acceso a la p\u00e1gina web.  <\/p>\n<p>DOMINI AMBIENTAL, SL no otorga ninguna garant\u00eda ni se hace responsable, en ning\u00fan caso, de los da\u00f1os y perjuicios de cualquier naturaleza que puedan salir a colaci\u00f3n de la carencia de disponibilidad, mantenimiento y efectivo funcionamiento de la web o de sus servicios y contenidos; de la existencia de virus, programas maliciosos o lesivos en los contenidos; del uso il\u00edcito, negligente, fraudulento o contrario a este Aviso Legal y condiciones de uso; o de la falta de licitud, calidad, fiabilidad, utilidad y disponibilidad de los servicios prestados por terceros y puestos a disposici\u00f3n de los usuarios en el sitio web.<\/p>\n<p>El prestamista no se hace responsable bajo ning\u00fan concepto de los da\u00f1os que puedan dimanar del uso ilegal o indebido de la presente p\u00e1gina web.<\/p>\n<h3><span style=\"text-align: var(--text-align);\">LEGITIMACI\u00d3N DEL TRATAMIENTO<\/span><\/h3>\n<p>La base legal para el tratamiento de los datos es su consentimiento otorgado en el momento de dar sus datos en el formulario correspondiente para llevar a cabo las finalidades, en el momento de marcaci\u00f3n de la casilla de verificaci\u00f3n.<\/p>\n<p>El no facilitar los datos personales solicitados o no aceptar la presente pol\u00edtica de privacidad supone la imposibilidad de conseguir las finalidades anteriormente descritas.<\/p>\n<p>En los casos en que exista una previa relaci\u00f3n contractual entre las partes, la legitimaci\u00f3n para el desarrollo de las obligaciones administrativas, fiscales, contables y laborales que sean necesarias en virtud de la legislaci\u00f3n vigente ser\u00e1 la existencia previa de la relaci\u00f3n comercial establecida entre las partes.<\/p>\n<p>La oferta prospectiva o comercial de productos y servicios est\u00e1 basada en el consentimiento que se le solicita, sin que en ning\u00fan caso la retirada de este consentimiento condicione la ejecuci\u00f3n del contrato de suscripci\u00f3n.<\/p>\n<h3>PLAZO DE CONSERVACI\u00d3N DE LOS DATOS:<\/h3>\n<p>Sus datos se conservar\u00e1n mientras dure la relaci\u00f3n comercial con nosotros o ejerza su derecho de cancelaci\u00f3n u oposici\u00f3n, o limitaci\u00f3n al tratamiento. Sin embargo, conservaremos sus datos en los plazos legalmente previstos en las disposiciones aplicables. <\/p>\n<h3>DESTINATARIOS DE CESIONES O TRANSFERENCIAS:<\/h3>\n<p>DOMINI AMBIENTAL, SL no lleva a cabo ninguna cesi\u00f3n o comunicaci\u00f3n de datos ni dentro ni fuera de la UE. El prestamista \u00fanicamente facilitar\u00e1 informaci\u00f3n a las fuerzas y cuerpos de seguridad bajo orden judicial o por obligaci\u00f3n de una norma legal, sin perjuicio de poder bloquear o cancelar su cuenta si puede haber indicios de la comisi\u00f3n de alg\u00fan delito por parte del usuario. La informaci\u00f3n facilitada ser\u00e1 s\u00f3lo la que disponga en ese momento el prestamista.  <\/p>\n<p>La informaci\u00f3n que usted nos proporcione a trav\u00e9s de este sitio web ser\u00e1 alojada en los servidores de DOMINI AMBIENTAL, SL, contratados en la empresa IT CAT, TECNOLOG\u00cdAS Y SERVICIOS DE LA INFORMACI\u00d3N, SL con NIF B64045040 y domicilio en \u00c1ngel Guimera,8 -12, Plaza Porxada P.1 Pta.4 08241, Manresa, Barcelona que presta el servicio de alojamiento de la web. El tratamiento de los datos de la entidad se encuentra regulado mediante un contrato de encargado del tratamiento entre el prestamista y esta empresa. En ning\u00fan caso este encargado del tratamiento subcontratar\u00e1 servicios que comporten alg\u00fan tratamiento de datos por terceros sin nuestro previo consentimiento.   <\/p>\n<p>Asimismo, el prestamista utiliza determinadas herramientas para prestar servicios necesarios para el desarrollo de la actividad, pudiendo almacenar sus datos. Estas herramientas son las siguientes: <\/p>\n<p>Google Analytics: para realizar un an\u00e1lisis y m\u00e9trica del uso que los usuarios hacen de la web a trav\u00e9s de cookies. La informaci\u00f3n que generan y recopilan estas cookies sobre el uso (incluyendo la direcci\u00f3n IP) ser\u00e1 directamente transmitida y archivada por Google Inc., ubicada en Delaware, 1600 Amphitheatre Parkway, Muntain View (California), CA 94043 de Estados Unidos (\u201c Google\u201d) , en sus servidores de Estados Unidos. <\/p>\n<h3>DERECHOS DE LAS PERSONAS INTERESADAS:<\/h3>\n<p>Como usuario-interesado, puede solicitar el ejercicio de los siguientes derechos ante DOMINI AMBIENTAL, SL presentando un escrito a la direcci\u00f3n postal del encabezamiento o enviando un correo electr\u00f3nico a info@dominiambiental.com, indicando como Asunto: \u201c PROTECCI\u00d3N DE DATOS: DERECHOS DE LOS AFECTADOS\u201d y adjuntando fotocopia de su DNI o cualquier medio an\u00e1logo en derecho, tal y como indica la ley.<\/p>\n<p>Derechos:<\/p>\n<p>Derecho de acceso: permite al interesado conocer y obtener informaci\u00f3n sobre sus datos de car\u00e1cter personal sometidos a tratamiento.<\/p>\n<p>Derecho de rectificaci\u00f3n o supresi\u00f3n: permite corregir errores y modificar los datos que resulten ser inexactos o incompletos.<\/p>\n<p>Derecho de cancelaci\u00f3n: permite que se supriman los datos que sean inadecuados o excesivos.<\/p>\n<p>Derecho de oposici\u00f3n: derecho del interesado a que no se lleve a cabo el tratamiento de sus datos de car\u00e1cter personal o se cese en el mismo.<\/p>\n<p>Limitaci\u00f3n del tratamiento: comporta el marcado de los datos personales conservados, con el fin de limitar su futuro tratamiento, para el ejercicio o defensa de reclamaciones.<\/p>\n<p>Portabilidad de los datos: facilitaci\u00f3n de los datos objeto de tratamiento al interesado, a fin de que \u00e9ste pueda transmitir a otro responsable, sin impedimentos.<\/p>\n<p>Derecho a no ser objeto de decisiones individuales automatizadas (incluida la elaboraci\u00f3n de perfiles): derecho a no ser objeto de una decisi\u00f3n basada en el tratamiento automatizado que produzca efectos o afecte significativamente.<\/p>\n<p>Como usuario, tiene derecho a retirar el consentimiento dado en cualquier momento. La retirada del consentimiento no afectar\u00e1 a la licitud del tratamiento efectuado antes de la retirada del consentimiento. <\/p>\n<p>Tambi\u00e9n tiene derecho a presentar una reclamaci\u00f3n ante la autoridad de control si considera que pueden haberse visto vulnerados sus derechos en relaci\u00f3n con la protecci\u00f3n de sus datos (aepd.es).<\/p>\n<h3>INFORMACI\u00d3N ADICIONAL:<\/h3>\n<h4>MEDIDAS DE SEGURIDAD<\/h4>\n<p>Los datos que nos facilite se tratar\u00e1n de forma confidencial. El prestamista ha adoptado todas las medidas t\u00e9cnicas y organizativas y todos los niveles de protecci\u00f3n necesarios para garantizar la seguridad en el tratamiento de los datos y evitar su alteraci\u00f3n, p\u00e9rdida, robo, tratamiento o acceso no autorizado, de acuerdo el estado de la tecnolog\u00eda y naturaleza de los datos almacenados. Asimismo, se garantiza tambi\u00e9n que el tratamiento y registro en ficheros, programas, sistemas o equipos, locales y centros cumplen con los requisitos y condiciones de integridad y seguridad establecidas en la normativa vigente.  <\/p>\n<h4>IDIOMA<\/h4>\n<p>El idioma aplicable a esta pol\u00edtica de privacidad es el espa\u00f1ol. Por tanto, en caso de que hubiera alguna contradicci\u00f3n en alguna de las versiones facilitadas en otros idiomas, prevalecer\u00e1 la versi\u00f3n en castellano. <\/p>\n<h4>REDES SOCIALES<\/h4>\n<p>Le informamos que DOMINI AMBIENTAL, SL puede tener presencia en redes sociales. El tratamiento de los datos que se lleve a cabo de las personas que se hagan seguidoras en las redes sociales (y\/o realicen cualquier v\u00ednculo o acci\u00f3n de conexi\u00f3n a trav\u00e9s de las redes sociales) de las p\u00e1ginas oficiales de DOMINI AMBIENTAL, SL se regir\u00e1 por este apartado, as\u00ed como por aquellas condiciones de uso, pol\u00edticas de privacidad y normativas de acceso que pertenezcan a la red social que proceda en cada caso y previamente aceptadas por el usuario. <\/p>\n<p><strong>DOMINI AMBIENTAL, SL<\/strong> tratar\u00e1 sus datos con los fines de administrar correctamente su presencia en la red social, informando de actividades, productos o servicios del prestamista, as\u00ed como para cualquier otra finalidad que las normativas de las Redes Sociales permitan.<\/p>\n<p>Queda prohibida la publicaci\u00f3n de contenidos:<\/p>\n<p>Que sean presuntamente il\u00edcitos por la normativa nacional, comunitaria o internacional o que realicen actividades presuntamente il\u00edcitas o contravengan los principios de la buena fe.<\/p>\n<p>Que atenten contra los derechos fundamentales de las personas, falten a la cortes\u00eda en la red, molesten o puedan generar opiniones negativas de nuestros usuarios o terceros y en general cualquier contenido que DOMINI AMBIENTAL, SL considere inapropiados.<\/p>\n<p>Y por lo general que contravengan los principios de legalidad, honradez, responsabilidad, protecci\u00f3n de la dignidad humana, protecci\u00f3n de menores, protecci\u00f3n del orden p\u00fablico, la protecci\u00f3n de la vida privada, la protecci\u00f3n del consumidor y los derechos de propiedad intelectual e industrial.<\/p>\n<p>Asimismo DOMINI AMBIENTAL, SL se reserva la potestad de retirar, sin previo aviso, del sitio web o de la red social corporativa aquellos contenidos que se consideren inadecuados.<\/p>\n<p>En todo caso, si Vd. remite informaci\u00f3n personal a trav\u00e9s de la red social, DOMINI AMBIENTAL, SL quedar\u00e1 exento de responsabilidad en relaci\u00f3n con las medidas de seguridad aplicables a la presente plataforma y el usuario, en caso de querer conocerlas, debe consultar las correspondientes condiciones particulares de la red en cuesti\u00f3n. <\/p>\n<h3>CAMBIOS EN LA PRESENTE POL\u00cdTICA DE PRIVACIDAD<\/h3>\n<p>DOMINI AMBIENTAL, SL se reserva el derecho a modificar la presente pol\u00edtica para adaptarla a novedades legislativas o jurisprudenciales.<\/p>\n<h4>REVOCABILIDAD<\/h4>\n<p>El consentimiento prestado, tanto por el tratamiento como por la cesi\u00f3n de los datos de los interesados, es revocable en cualquier momento comunic\u00e1ndolo a DOMINI AMBIENTAL, SL en los t\u00e9rminos que establece esta Pol\u00edtica para el ejercicio de los derechos. Esta revocaci\u00f3n en ning\u00fan caso tendr\u00e1 car\u00e1cter retroactivo. <\/p>\n<h4>LEGISLACI\u00d3N<\/h4>\n<p>A todos los efectos las relaciones entre DOMINI AMBIENTAL, SL con los Usuarios de sus servicios telem\u00e1ticos, presentes en esta web, est\u00e1n sometidos a la legislaci\u00f3n y jurisdicci\u00f3n espa\u00f1ola a la que se someten expresamente las partes, siendo competentes para la resoluci\u00f3n de todos los conflictos derivados o relacionados con su uso, los Juzgados y Tribunales de Barcelona.<\/p>\n\t\t\t\t\t\t\t<\/div>\r\n\t\t\t\t\t\t\t\t\t\t<\/div>\n\t\t\t\t<\/div>\n\t\t\t\t\t<\/div>\n\t\t\t\t<\/div>\n\t\t\t\t<\/div>\n\t\t","protected":false},"excerpt":{"rendered":"<p>POL\u00cdTICA DE PRIVACIDAD INTRODUCCI\u00d3N La web de DOMINI AMBIENTAL, SL utiliza cookies propias y de terceros. Una cookie es un&#8230;<\/p>\n","protected":false},"author":2,"featured_media":0,"parent":0,"menu_order":0,"comment_status":"closed","ping_status":"closed","template":"","meta":{"footnotes":""},"class_list":["post-26660","page","type-page","status-publish"],"yoast_head":"<!-- This site is optimized with the Yoast SEO plugin v27.0 - https:\/\/yoast.com\/product\/yoast-seo-wordpress\/ -->\n<title>Pol\u00edtica de Privacidad - Domini Energia<\/title>\n<meta name=\"robots\" content=\"index, follow, max-snippet:-1, max-image-preview:large, max-video-preview:-1\" \/>\n<link rel=\"canonical\" href=\"https:\/\/dominienergia.com\/es\/politica-de-privacidad\/\" \/>\n<meta property=\"og:locale\" content=\"es_ES\" \/>\n<meta property=\"og:type\" content=\"article\" \/>\n<meta property=\"og:title\" content=\"Pol\u00edtica de Privacidad - Domini Energia\" \/>\n<meta property=\"og:description\" content=\"POL\u00cdTICA DE PRIVACIDAD INTRODUCCI\u00d3N La web de DOMINI AMBIENTAL, SL utiliza cookies propias y de terceros. Una cookie es un...\" \/>\n<meta property=\"og:url\" content=\"https:\/\/dominienergia.com\/es\/politica-de-privacidad\/\" \/>\n<meta property=\"og:site_name\" content=\"Domini Energia\" \/>\n<meta property=\"article:publisher\" content=\"https:\/\/www.facebook.com\/dominiambiental\/\" \/>\n<meta property=\"article:modified_time\" content=\"2024-07-22T14:44:28+00:00\" \/>\n<meta name=\"twitter:card\" content=\"summary_large_image\" \/>\n<meta name=\"twitter:site\" content=\"@DominiAmbiental\" \/>\n<meta name=\"twitter:label1\" content=\"Tiempo de lectura\" \/>\n\t<meta name=\"twitter:data1\" content=\"10 minutos\" \/>\n<script type=\"application\/ld+json\" class=\"yoast-schema-graph\">{\"@context\":\"https:\/\/schema.org\",\"@graph\":[{\"@type\":\"WebPage\",\"@id\":\"https:\/\/dominienergia.com\/es\/politica-de-privacidad\/\",\"url\":\"https:\/\/dominienergia.com\/es\/politica-de-privacidad\/\",\"name\":\"Pol\u00edtica de Privacidad - Domini Energia\",\"isPartOf\":{\"@id\":\"https:\/\/dominienergia.com\/#website\"},\"datePublished\":\"2024-06-13T13:48:50+00:00\",\"dateModified\":\"2024-07-22T14:44:28+00:00\",\"breadcrumb\":{\"@id\":\"https:\/\/dominienergia.com\/es\/politica-de-privacidad\/#breadcrumb\"},\"inLanguage\":\"es\",\"potentialAction\":[{\"@type\":\"ReadAction\",\"target\":[\"https:\/\/dominienergia.com\/es\/politica-de-privacidad\/\"]}]},{\"@type\":\"BreadcrumbList\",\"@id\":\"https:\/\/dominienergia.com\/es\/politica-de-privacidad\/#breadcrumb\",\"itemListElement\":[{\"@type\":\"ListItem\",\"position\":1,\"name\":\"Inici\",\"item\":\"https:\/\/dominienergia.com\/\"},{\"@type\":\"ListItem\",\"position\":2,\"name\":\"Pol\u00edtica de Privacidad\"}]},{\"@type\":\"WebSite\",\"@id\":\"https:\/\/dominienergia.com\/#website\",\"url\":\"https:\/\/dominienergia.com\/\",\"name\":\"Domini Energia\",\"description\":\"Genera i Aprofita el 100% de la teva energia Solar\",\"publisher\":{\"@id\":\"https:\/\/dominienergia.com\/#organization\"},\"alternateName\":\"Domini Energia\",\"potentialAction\":[{\"@type\":\"SearchAction\",\"target\":{\"@type\":\"EntryPoint\",\"urlTemplate\":\"https:\/\/dominienergia.com\/?s={search_term_string}\"},\"query-input\":{\"@type\":\"PropertyValueSpecification\",\"valueRequired\":true,\"valueName\":\"search_term_string\"}}],\"inLanguage\":\"es\"},{\"@type\":\"Organization\",\"@id\":\"https:\/\/dominienergia.com\/#organization\",\"name\":\"Domini Energia\",\"alternateName\":\"Domini Energia\",\"url\":\"https:\/\/dominienergia.com\/\",\"logo\":{\"@type\":\"ImageObject\",\"inLanguage\":\"es\",\"@id\":\"https:\/\/dominienergia.com\/#\/schema\/logo\/image\/\",\"url\":\"https:\/\/dominienergia.com\/wp-content\/uploads\/2024\/05\/DOMINI-ENERGIA-MainLOGO.png\",\"contentUrl\":\"https:\/\/dominienergia.com\/wp-content\/uploads\/2024\/05\/DOMINI-ENERGIA-MainLOGO.png\",\"width\":600,\"height\":218,\"caption\":\"Domini Energia\"},\"image\":{\"@id\":\"https:\/\/dominienergia.com\/#\/schema\/logo\/image\/\"},\"sameAs\":[\"https:\/\/www.facebook.com\/dominiambiental\/\",\"https:\/\/x.com\/DominiAmbiental\",\"https:\/\/www.linkedin.com\/company\/domini-ambiental-s-l-\/\",\"https:\/\/www.instagram.com\/dominiambiental\/\"]}]}<\/script>\n<!-- \/ Yoast SEO plugin. -->","yoast_head_json":{"title":"Pol\u00edtica de Privacidad - Domini Energia","robots":{"index":"index","follow":"follow","max-snippet":"max-snippet:-1","max-image-preview":"max-image-preview:large","max-video-preview":"max-video-preview:-1"},"canonical":"https:\/\/dominienergia.com\/es\/politica-de-privacidad\/","og_locale":"es_ES","og_type":"article","og_title":"Pol\u00edtica de Privacidad - Domini Energia","og_description":"POL\u00cdTICA DE PRIVACIDAD INTRODUCCI\u00d3N La web de DOMINI AMBIENTAL, SL utiliza cookies propias y de terceros. Una cookie es un...","og_url":"https:\/\/dominienergia.com\/es\/politica-de-privacidad\/","og_site_name":"Domini Energia","article_publisher":"https:\/\/www.facebook.com\/dominiambiental\/","article_modified_time":"2024-07-22T14:44:28+00:00","twitter_card":"summary_large_image","twitter_site":"@DominiAmbiental","twitter_misc":{"Tiempo de lectura":"10 minutos"},"schema":{"@context":"https:\/\/schema.org","@graph":[{"@type":"WebPage","@id":"https:\/\/dominienergia.com\/es\/politica-de-privacidad\/","url":"https:\/\/dominienergia.com\/es\/politica-de-privacidad\/","name":"Pol\u00edtica de Privacidad - Domini Energia","isPartOf":{"@id":"https:\/\/dominienergia.com\/#website"},"datePublished":"2024-06-13T13:48:50+00:00","dateModified":"2024-07-22T14:44:28+00:00","breadcrumb":{"@id":"https:\/\/dominienergia.com\/es\/politica-de-privacidad\/#breadcrumb"},"inLanguage":"es","potentialAction":[{"@type":"ReadAction","target":["https:\/\/dominienergia.com\/es\/politica-de-privacidad\/"]}]},{"@type":"BreadcrumbList","@id":"https:\/\/dominienergia.com\/es\/politica-de-privacidad\/#breadcrumb","itemListElement":[{"@type":"ListItem","position":1,"name":"Inici","item":"https:\/\/dominienergia.com\/"},{"@type":"ListItem","position":2,"name":"Pol\u00edtica de Privacidad"}]},{"@type":"WebSite","@id":"https:\/\/dominienergia.com\/#website","url":"https:\/\/dominienergia.com\/","name":"Domini Energia","description":"Genera i Aprofita el 100% de la teva energia Solar","publisher":{"@id":"https:\/\/dominienergia.com\/#organization"},"alternateName":"Domini Energia","potentialAction":[{"@type":"SearchAction","target":{"@type":"EntryPoint","urlTemplate":"https:\/\/dominienergia.com\/?s={search_term_string}"},"query-input":{"@type":"PropertyValueSpecification","valueRequired":true,"valueName":"search_term_string"}}],"inLanguage":"es"},{"@type":"Organization","@id":"https:\/\/dominienergia.com\/#organization","name":"Domini Energia","alternateName":"Domini Energia","url":"https:\/\/dominienergia.com\/","logo":{"@type":"ImageObject","inLanguage":"es","@id":"https:\/\/dominienergia.com\/#\/schema\/logo\/image\/","url":"https:\/\/dominienergia.com\/wp-content\/uploads\/2024\/05\/DOMINI-ENERGIA-MainLOGO.png","contentUrl":"https:\/\/dominienergia.com\/wp-content\/uploads\/2024\/05\/DOMINI-ENERGIA-MainLOGO.png","width":600,"height":218,"caption":"Domini Energia"},"image":{"@id":"https:\/\/dominienergia.com\/#\/schema\/logo\/image\/"},"sameAs":["https:\/\/www.facebook.com\/dominiambiental\/","https:\/\/x.com\/DominiAmbiental","https:\/\/www.linkedin.com\/company\/domini-ambiental-s-l-\/","https:\/\/www.instagram.com\/dominiambiental\/"]}]}},"_links":{"self":[{"href":"https:\/\/dominienergia.com\/es\/wp-json\/wp\/v2\/pages\/26660","targetHints":{"allow":["GET"]}}],"collection":[{"href":"https:\/\/dominienergia.com\/es\/wp-json\/wp\/v2\/pages"}],"about":[{"href":"https:\/\/dominienergia.com\/es\/wp-json\/wp\/v2\/types\/page"}],"author":[{"embeddable":true,"href":"https:\/\/dominienergia.com\/es\/wp-json\/wp\/v2\/users\/2"}],"replies":[{"embeddable":true,"href":"https:\/\/dominienergia.com\/es\/wp-json\/wp\/v2\/comments?post=26660"}],"version-history":[{"count":5,"href":"https:\/\/dominienergia.com\/es\/wp-json\/wp\/v2\/pages\/26660\/revisions"}],"predecessor-version":[{"id":26685,"href":"https:\/\/dominienergia.com\/es\/wp-json\/wp\/v2\/pages\/26660\/revisions\/26685"}],"wp:attachment":[{"href":"https:\/\/dominienergia.com\/es\/wp-json\/wp\/v2\/media?parent=26660"}],"curies":[{"name":"wp","href":"https:\/\/api.w.org\/{rel}","templated":true}]}}